{"id":770,"date":"2019-02-05T11:57:25","date_gmt":"2019-02-05T10:57:25","guid":{"rendered":"http:\/\/vanderpride.com\/product\/black-military-jogger\/"},"modified":"2019-02-08T23:45:54","modified_gmt":"2019-02-08T22:45:54","slug":"black-military-jogger","status":"publish","type":"product","link":"https:\/\/vanderpride.com\/es\/producto\/black-military-jogger\/","title":{"rendered":"Jogger Negro Militar"},"content":{"rendered":"<p>Jogger negro con estilo militar y con un acabado perfecto que podr\u00e1s llevar en un domingo de resaca en casa mientras ves tu peli favorita. Tambi\u00e9n es ideal mientras haces pesas en el gym<\/p>\n","protected":false},"excerpt":{"rendered":"<p style=\"text-align: justify;\">Jogger negro de algod\u00f3n con detalles militares en los bolsillo as\u00ed como tambi\u00e9n en lateral izquierdo y frente del cintur\u00f3n<\/p>\n<p style=\"text-align: justify;\">65% algod\u00f3n, 30% polyester &amp; 5% lycra<\/p>\n<p style=\"text-align: justify;\">Dise\u00f1ado en Amsterdam<\/p>\n","protected":false},"featured_media":1088,"comment_status":"open","ping_status":"closed","template":"","meta":[],"product_cat":[76],"product_tag":[],"_links":{"self":[{"href":"https:\/\/vanderpride.com\/es\/wp-json\/wp\/v2\/product\/770\/"}],"collection":[{"href":"https:\/\/vanderpride.com\/es\/wp-json\/wp\/v2\/product\/"}],"about":[{"href":"https:\/\/vanderpride.com\/es\/wp-json\/wp\/v2\/types\/product\/"}],"replies":[{"embeddable":true,"href":"https:\/\/vanderpride.com\/es\/wp-json\/wp\/v2\/comments\/?post=770"}],"wp:featuredmedia":[{"embeddable":true,"href":"https:\/\/vanderpride.com\/es\/wp-json\/wp\/v2\/media\/1088\/"}],"wp:attachment":[{"href":"https:\/\/vanderpride.com\/es\/wp-json\/wp\/v2\/media\/?parent=770"}],"wp:term":[{"taxonomy":"product_cat","embeddable":true,"href":"https:\/\/vanderpride.com\/es\/wp-json\/wp\/v2\/product_cat\/?post=770"},{"taxonomy":"product_tag","embeddable":true,"href":"https:\/\/vanderpride.com\/es\/wp-json\/wp\/v2\/product_tag\/?post=770"}],"curies":[{"name":"wp","href":"https:\/\/api.w.org\/{rel}","templated":true}]}}