{"id":746,"date":"2019-02-05T11:57:27","date_gmt":"2019-02-05T10:57:27","guid":{"rendered":"http:\/\/vanderpride.com\/product\/military-short\/"},"modified":"2019-02-09T14:32:51","modified_gmt":"2019-02-09T13:32:51","slug":"military-short","status":"publish","type":"product","link":"https:\/\/vanderpride.com\/es\/producto\/military-short\/","title":{"rendered":"Pantal\u00f3n corto Militar"},"content":{"rendered":"<p style=\"text-align: justify;\">\u00bfTe gustar\u00eda alistarte en el ej\u00e9rcito? Entonces no dudes en meter en tu mochila este mini pantal\u00f3n que te har\u00e1 sentir s\u00faper sexy y con un tacto incre\u00edble<\/p>\n","protected":false},"excerpt":{"rendered":"<p style=\"text-align: justify;\">Pantal\u00f3n military corto. Rayas blancas bordeando los bolsillos y los bajos. Cord\u00f3n blanco grueso en la cintura.<\/p>\n<p style=\"text-align: justify;\">65% algod\u00f3n, 30% polyester &amp; 5% lycra<\/p>\n<p style=\"text-align: justify;\">Dise\u00f1ado en Amsterdam<\/p>\n","protected":false},"featured_media":1085,"comment_status":"open","ping_status":"closed","template":"","meta":[],"product_cat":[73],"product_tag":[],"_links":{"self":[{"href":"https:\/\/vanderpride.com\/es\/wp-json\/wp\/v2\/product\/746\/"}],"collection":[{"href":"https:\/\/vanderpride.com\/es\/wp-json\/wp\/v2\/product\/"}],"about":[{"href":"https:\/\/vanderpride.com\/es\/wp-json\/wp\/v2\/types\/product\/"}],"replies":[{"embeddable":true,"href":"https:\/\/vanderpride.com\/es\/wp-json\/wp\/v2\/comments\/?post=746"}],"wp:featuredmedia":[{"embeddable":true,"href":"https:\/\/vanderpride.com\/es\/wp-json\/wp\/v2\/media\/1085\/"}],"wp:attachment":[{"href":"https:\/\/vanderpride.com\/es\/wp-json\/wp\/v2\/media\/?parent=746"}],"wp:term":[{"taxonomy":"product_cat","embeddable":true,"href":"https:\/\/vanderpride.com\/es\/wp-json\/wp\/v2\/product_cat\/?post=746"},{"taxonomy":"product_tag","embeddable":true,"href":"https:\/\/vanderpride.com\/es\/wp-json\/wp\/v2\/product_tag\/?post=746"}],"curies":[{"name":"wp","href":"https:\/\/api.w.org\/{rel}","templated":true}]}}