{"id":626,"date":"2019-02-05T11:57:48","date_gmt":"2019-02-05T10:57:48","guid":{"rendered":"http:\/\/vanderpride.com\/product\/blue-vanderpride-logo-tank-top\/"},"modified":"2019-03-03T22:40:12","modified_gmt":"2019-03-03T21:40:12","slug":"blue-vanderpride-logo-tank-top","status":"publish","type":"product","link":"https:\/\/vanderpride.com\/es\/producto\/blue-vanderpride-logo-tank-top\/","title":{"rendered":"Camiseta sin mangas azul con logo VanderPride"},"content":{"rendered":"<p style=\"text-align: justify;\">\u00a1\u00a1\u00a1El original e inigualable de VanderPride!!! Siente el efecto VanderPride<\/p>\n","protected":false},"excerpt":{"rendered":"<p style=\"text-align: justify;\">Camiseta de tirantes de color azul y con acabado de rejilla. La forma del cuello es cuadrada con algo de abertura. Logo de VanderPride de color oro e impreso en el frontal.<\/p>\n<p style=\"text-align: justify;\">100% polyester<\/p>\n<p style=\"text-align: justify;\">Dise\u00f1ado en Amsterdam<\/p>\n<p style=\"text-align: justify;\">Instrucciones de lavado: recomendable lavar a mano en agua fr\u00eda. Si decides utilizar el lavado a m\u00e1quina que sea un programa para prendas delicadas con una temperatura m\u00e1xima de 30 grados. Ten en cuenta que adem\u00e1s de una impresi\u00f3n digital del logotipo de alta calidad, hay una capa adicional de brillo. Dicha capa brillante desaparecer\u00e1 despu\u00e9s de unos lavados, lo cual ser\u00e1 algo normal y, a partir de ese momento \u00fanicamente aparecer\u00e1 la impresi\u00f3n digital. No utilice secadora y tampoco planche la prenda.<\/p>\n","protected":false},"featured_media":627,"comment_status":"open","ping_status":"closed","template":"","meta":[],"product_cat":[72],"product_tag":[],"_links":{"self":[{"href":"https:\/\/vanderpride.com\/es\/wp-json\/wp\/v2\/product\/626\/"}],"collection":[{"href":"https:\/\/vanderpride.com\/es\/wp-json\/wp\/v2\/product\/"}],"about":[{"href":"https:\/\/vanderpride.com\/es\/wp-json\/wp\/v2\/types\/product\/"}],"replies":[{"embeddable":true,"href":"https:\/\/vanderpride.com\/es\/wp-json\/wp\/v2\/comments\/?post=626"}],"wp:featuredmedia":[{"embeddable":true,"href":"https:\/\/vanderpride.com\/es\/wp-json\/wp\/v2\/media\/627\/"}],"wp:attachment":[{"href":"https:\/\/vanderpride.com\/es\/wp-json\/wp\/v2\/media\/?parent=626"}],"wp:term":[{"taxonomy":"product_cat","embeddable":true,"href":"https:\/\/vanderpride.com\/es\/wp-json\/wp\/v2\/product_cat\/?post=626"},{"taxonomy":"product_tag","embeddable":true,"href":"https:\/\/vanderpride.com\/es\/wp-json\/wp\/v2\/product_tag\/?post=626"}],"curies":[{"name":"wp","href":"https:\/\/api.w.org\/{rel}","templated":true}]}}