{"id":485,"date":"2019-02-05T11:58:14","date_gmt":"2019-02-05T10:58:14","guid":{"rendered":"http:\/\/vanderpride.com\/product\/blue-beach-short\/"},"modified":"2019-02-06T18:36:35","modified_gmt":"2019-02-06T17:36:35","slug":"blue-beach-short","status":"publish","type":"product","link":"https:\/\/vanderpride.com\/es\/producto\/blue-beach-short\/","title":{"rendered":"Ba\u00f1ador Corto Azul"},"content":{"rendered":"<p style=\"text-align: justify;\">Para aquellos que les encantan los b\u00e1sicos y estar c\u00f3modos mientras nadan. Ll\u00e9valos tambi\u00e9n a tus fiestas o incluso en el gimnasio!<\/p>\n","protected":false},"excerpt":{"rendered":"<p style=\"text-align: justify;\">Ba\u00f1ador corto b\u00e1sico en m\u00faltiples colores. Tiene bolsillos en ambos laterales. El interior consta de un forro con malla blanca.<\/p>\n<p style=\"text-align: justify;\">Dise\u00f1ado en Amsterdam<\/p>\n","protected":false},"featured_media":486,"comment_status":"open","ping_status":"closed","template":"","meta":[],"product_cat":[78],"product_tag":[],"_links":{"self":[{"href":"https:\/\/vanderpride.com\/es\/wp-json\/wp\/v2\/product\/485\/"}],"collection":[{"href":"https:\/\/vanderpride.com\/es\/wp-json\/wp\/v2\/product\/"}],"about":[{"href":"https:\/\/vanderpride.com\/es\/wp-json\/wp\/v2\/types\/product\/"}],"replies":[{"embeddable":true,"href":"https:\/\/vanderpride.com\/es\/wp-json\/wp\/v2\/comments\/?post=485"}],"wp:featuredmedia":[{"embeddable":true,"href":"https:\/\/vanderpride.com\/es\/wp-json\/wp\/v2\/media\/486\/"}],"wp:attachment":[{"href":"https:\/\/vanderpride.com\/es\/wp-json\/wp\/v2\/media\/?parent=485"}],"wp:term":[{"taxonomy":"product_cat","embeddable":true,"href":"https:\/\/vanderpride.com\/es\/wp-json\/wp\/v2\/product_cat\/?post=485"},{"taxonomy":"product_tag","embeddable":true,"href":"https:\/\/vanderpride.com\/es\/wp-json\/wp\/v2\/product_tag\/?post=485"}],"curies":[{"name":"wp","href":"https:\/\/api.w.org\/{rel}","templated":true}]}}