{"id":1309,"date":"2019-02-21T20:40:05","date_gmt":"2019-02-21T19:40:05","guid":{"rendered":"https:\/\/vanderpride.com\/product\/chest-harness-decorated-with-studs\/"},"modified":"2019-02-21T23:33:46","modified_gmt":"2019-02-21T22:33:46","slug":"chest-harness-decorated-with-studs","status":"publish","type":"product","link":"https:\/\/vanderpride.com\/es\/producto\/chest-harness-decorated-with-studs\/","title":{"rendered":"Arn\u00e9s con Tachuelas"},"content":{"rendered":"<p style=\"text-align: justify;\">Fabricado en Holanda<\/p>\n<p style=\"text-align: justify;\">Material: Cuero<\/p>\n<p style=\"text-align: justify;\">Talla: Ajustable con hebillas<\/p>\n<p style=\"text-align: justify;\">Color: Negro<\/p>\n<p style=\"text-align: justify;\">Peso: 675 gr<\/p>\n<p style=\"text-align: justify;\">Instrucciones de lavado:\u00a0Limpia el arn\u00e9s con un pa\u00f1o h\u00famedo y con una peque\u00f1a cantidad de jab\u00f3n. Frota con suavidad. Nunca mojes el cuero mucha cantidad de agua y tampoco lo seques r\u00e1pidamente. Despu\u00e9s de limpiar, frota el cuero nuevamente con un pa\u00f1o seco y limpio. Tambi\u00e9n puedes utilizar productos de mantenimiento de cuero que se venden en zapater\u00edas o centros especializados en pieles.<\/p>\n","protected":false},"excerpt":{"rendered":"<p style=\"text-align: justify;\">El accesorio de cuero perfecto para tus fiestas y tus eventos bondage. Que no pare la fiesta!!<\/p>\n<p style=\"text-align: justify;\">\n","protected":false},"featured_media":1616,"comment_status":"closed","ping_status":"closed","template":"","meta":[],"product_cat":[109],"product_tag":[],"_links":{"self":[{"href":"https:\/\/vanderpride.com\/es\/wp-json\/wp\/v2\/product\/1309\/"}],"collection":[{"href":"https:\/\/vanderpride.com\/es\/wp-json\/wp\/v2\/product\/"}],"about":[{"href":"https:\/\/vanderpride.com\/es\/wp-json\/wp\/v2\/types\/product\/"}],"replies":[{"embeddable":true,"href":"https:\/\/vanderpride.com\/es\/wp-json\/wp\/v2\/comments\/?post=1309"}],"wp:featuredmedia":[{"embeddable":true,"href":"https:\/\/vanderpride.com\/es\/wp-json\/wp\/v2\/media\/1616\/"}],"wp:attachment":[{"href":"https:\/\/vanderpride.com\/es\/wp-json\/wp\/v2\/media\/?parent=1309"}],"wp:term":[{"taxonomy":"product_cat","embeddable":true,"href":"https:\/\/vanderpride.com\/es\/wp-json\/wp\/v2\/product_cat\/?post=1309"},{"taxonomy":"product_tag","embeddable":true,"href":"https:\/\/vanderpride.com\/es\/wp-json\/wp\/v2\/product_tag\/?post=1309"}],"curies":[{"name":"wp","href":"https:\/\/api.w.org\/{rel}","templated":true}]}}