{"id":1301,"date":"2019-02-21T20:28:06","date_gmt":"2019-02-21T19:28:06","guid":{"rendered":"https:\/\/vanderpride.com\/product\/body-harness\/"},"modified":"2019-02-21T23:36:05","modified_gmt":"2019-02-21T22:36:05","slug":"body-harness","status":"publish","type":"product","link":"https:\/\/vanderpride.com\/es\/producto\/body-harness\/","title":{"rendered":"Body Harness"},"content":{"rendered":"<p style=\"text-align: justify;\">Fabricado en Holanda<\/p>\n<p style=\"text-align: justify;\">Material: Cuero<\/p>\n<p style=\"text-align: justify;\">Talla: Ajustable<\/p>\n<p style=\"text-align: justify;\">Color: Negro<\/p>\n<p style=\"text-align: justify;\">Peso: 675 gr<\/p>\n<p>Instrucciones de limpieza:<\/p>\n<p style=\"text-align: justify;\">Limpia el arn\u00e9s con un pa\u00f1o h\u00famedo y con una peque\u00f1a cantidad de jab\u00f3n. Frota con suavidad. Nunca mojes el cuero mucha cantidad de agua y tampoco lo seques r\u00e1pidamente. Despu\u00e9s de limpiar, frota el cuero nuevamente con un pa\u00f1o seco y limpio. Tambi\u00e9n puedes utilizar productos de mantenimiento de cuero que se venden en zapater\u00edas o centros especializados en pieles.<\/p>\n","protected":false},"excerpt":{"rendered":"<p style=\"text-align: justify;\">El accesorio de cuero perfecto para tus fiestas y tus eventos bondage. Que no pare la fiesta!!<\/p>\n","protected":false},"featured_media":1607,"comment_status":"closed","ping_status":"closed","template":"","meta":[],"product_cat":[109],"product_tag":[],"_links":{"self":[{"href":"https:\/\/vanderpride.com\/es\/wp-json\/wp\/v2\/product\/1301\/"}],"collection":[{"href":"https:\/\/vanderpride.com\/es\/wp-json\/wp\/v2\/product\/"}],"about":[{"href":"https:\/\/vanderpride.com\/es\/wp-json\/wp\/v2\/types\/product\/"}],"replies":[{"embeddable":true,"href":"https:\/\/vanderpride.com\/es\/wp-json\/wp\/v2\/comments\/?post=1301"}],"wp:featuredmedia":[{"embeddable":true,"href":"https:\/\/vanderpride.com\/es\/wp-json\/wp\/v2\/media\/1607\/"}],"wp:attachment":[{"href":"https:\/\/vanderpride.com\/es\/wp-json\/wp\/v2\/media\/?parent=1301"}],"wp:term":[{"taxonomy":"product_cat","embeddable":true,"href":"https:\/\/vanderpride.com\/es\/wp-json\/wp\/v2\/product_cat\/?post=1301"},{"taxonomy":"product_tag","embeddable":true,"href":"https:\/\/vanderpride.com\/es\/wp-json\/wp\/v2\/product_tag\/?post=1301"}],"curies":[{"name":"wp","href":"https:\/\/api.w.org\/{rel}","templated":true}]}}