{"id":385,"date":"2019-02-06T16:23:30","date_gmt":"2019-02-06T15:23:30","guid":{"rendered":"http:\/\/vanderpride.com\/?page_id=385"},"modified":"2019-02-06T16:23:30","modified_gmt":"2019-02-06T15:23:30","slug":"politica-de-cookies","status":"publish","type":"page","link":"https:\/\/vanderpride.com\/es\/politica-de-cookies\/","title":{"rendered":"Politica de Cookies"},"content":{"rendered":"<h1 style=\"text-align: center;\">POL\u00cdTICA DE COOKIES<\/h1>\n<p style=\"text-align: justify;\"><strong>USAMOS COOKIES PARA AYUDAR A MEJORAR NUESTROS SERVICIOS<\/strong><\/p>\n<p style=\"text-align: justify;\">Una cookie es un peque\u00f1o archivo de datos formado por letras y n\u00fameros que se coloca por un sitio web en el dispositivo que est\u00e1 utilizando para acceder a Internet. Las cookies tienen diferentes prop\u00f3sitos: se utilizan para ayudarnos a mejorar nuestro portal web y para proporcionarnos informaci\u00f3n sobre el uso que le da al mismo. Incluso otros terceros tambi\u00e9n utilizan cookies en su dispositivo cuando navega por nuestro sitio web.<\/p>\n<p style=\"text-align: justify;\">La mayor\u00eda de los navegadores web le permiten tener cierto control sobre la introducci\u00f3n de cookies en sus dispositivos, a trav\u00e9s de la propia configuraci\u00f3n del navegador. Para obtener m\u00e1s informaci\u00f3n sobre las cookies, incluido c\u00f3mo ver qu\u00e9 cookies se han configurado y c\u00f3mo poder bloquearlas, administrarlas y\/o eliminarlas, visite: <a href=\"http:\/\/www.allaboutcookies.org\/manage-cookies\/\">www.allaboutcookies.org\/manage-cookies\/<\/a><\/p>\n<p style=\"text-align: justify;\">A menos que haya ajustado la configuraci\u00f3n de su navegador para que no acepte ning\u00fan tipo de cookies, nuestros sistema colocar\u00e1 cookies en su dispositivo tan pronto como visite cualquiera de las p\u00e1ginas de nuestro portal web.<\/p>\n<p style=\"text-align: justify;\"><strong style=\"text-align: justify; font-size: 14.4px;\">Tipos de cookies que utilizamos:<\/strong><\/p>\n<div class=\"ty-mainbox-body\">\n<div class=\"ty-wysiwyg-content\">\n<p style=\"text-align: justify;\"><strong>\u201cUser-input\u201d Cookies (Cookies de Sesi\u00f3n)<\/strong><\/p>\n<p style=\"text-align: justify;\">El t\u00e9rmino &#8220;cookies user input&#8221; se puede utilizar como un t\u00e9rmino gen\u00e9rico para describir las cookies de sesi\u00f3n que se utilizan para realizar un seguimiento desde la entrada de un usuario en un portal web al enviar datos en l\u00ednea, adem\u00e1s de permitir a los usuarios sean reconocidos dentro de un sitio web, por lo que cualquier cambio de p\u00e1gina o selecci\u00f3n de datos es recordado de una p\u00e1gina a otra.<\/p>\n<p style=\"text-align: justify;\">Estas cookies son necesarias para proporcionar informaci\u00f3n solicitada expl\u00edcitamente por el usuario. Adem\u00e1s, est\u00e1n vinculados a la acci\u00f3n de un usuario (como por ejemplo, al hacer clic en un bot\u00f3n o completar un formulario).<\/p>\n<p style=\"text-align: justify;\"><strong>Cookies Persistentes<\/strong><\/p>\n<p style=\"text-align: justify;\">Estas cookies permanecen en una de las subcarpetas de su navegador hasta que decida eliminarlas manualmente, o sea su propio navegador el que las elimine seg\u00fan el per\u00edodo de duraci\u00f3n contenido en el archivo de dicha cookie.<\/p>\n<p style=\"text-align: justify;\">Las cookies persistentes ayudan a los sitios web a recordar su informaci\u00f3n y configuraci\u00f3n cuando los visite en el futuro. Esto da como resultado un acceso m\u00e1s r\u00e1pido y conveniente y una mejor experiencia como usuario.<\/p>\n<\/div>\n<\/div>\n","protected":false},"excerpt":{"rendered":"<p>POL\u00cdTICA DE COOKIES USAMOS COOKIES PARA AYUDAR A MEJORAR NUESTROS SERVICIOS Una cookie es un peque\u00f1o archivo de datos formado por letras y n\u00fameros que se coloca por un sitio web en el dispositivo que est\u00e1 utilizando para acceder a Internet. Las cookies tienen diferentes prop\u00f3sitos: se utilizan para ayudarnos a mejorar nuestro portal web [&#8230;]\n","protected":false},"author":2,"featured_media":0,"parent":0,"menu_order":0,"comment_status":"closed","ping_status":"closed","template":"","meta":[],"_links":{"self":[{"href":"https:\/\/vanderpride.com\/es\/wp-json\/wp\/v2\/pages\/385\/"}],"collection":[{"href":"https:\/\/vanderpride.com\/es\/wp-json\/wp\/v2\/pages\/"}],"about":[{"href":"https:\/\/vanderpride.com\/es\/wp-json\/wp\/v2\/types\/page\/"}],"author":[{"embeddable":true,"href":"https:\/\/vanderpride.com\/es\/wp-json\/wp\/v2\/users\/2\/"}],"replies":[{"embeddable":true,"href":"https:\/\/vanderpride.com\/es\/wp-json\/wp\/v2\/comments\/?post=385"}],"version-history":[{"count":1,"href":"https:\/\/vanderpride.com\/es\/wp-json\/wp\/v2\/pages\/385\/revisions\/"}],"predecessor-version":[{"id":387,"href":"https:\/\/vanderpride.com\/es\/wp-json\/wp\/v2\/pages\/385\/revisions\/387\/"}],"wp:attachment":[{"href":"https:\/\/vanderpride.com\/es\/wp-json\/wp\/v2\/media\/?parent=385"}],"curies":[{"name":"wp","href":"https:\/\/api.w.org\/{rel}","templated":true}]}}